{"id":3,"date":"2023-10-23T11:06:29","date_gmt":"2023-10-23T09:06:29","guid":{"rendered":"http:\/\/cabinetdentairedevourles.fr\/?page_id=3"},"modified":"2025-09-09T11:57:42","modified_gmt":"2025-09-09T09:57:42","slug":"politique-de-confidentialite","status":"publish","type":"page","link":"https:\/\/cabinetdentairedevourles.fr\/index.php\/politique-de-confidentialite\/","title":{"rendered":"Politique de confidentialit\u00e9"},"content":{"rendered":"\t\t<div data-elementor-type=\"wp-page\" data-elementor-id=\"3\" class=\"elementor elementor-3\" data-elementor-post-type=\"page\">\n\t\t\t\t\t\t\t<div class=\"elementor-element elementor-element-3d832520 e-flex e-con-boxed e-con e-parent\" data-id=\"3d832520\" data-element_type=\"container\" data-settings=\"{&quot;content_width&quot;:&quot;boxed&quot;}\" data-core-v316-plus=\"true\">\n\t\t\t\t\t<div class=\"e-con-inner\">\n\t\t\t\t<div class=\"elementor-element elementor-element-7d9a672a elementor-widget elementor-widget-text-editor\" data-id=\"7d9a672a\" data-element_type=\"widget\" data-widget_type=\"text-editor.default\">\n\t\t\t\t<div class=\"elementor-widget-container\">\n\t\t\t<style>\/*! elementor - v3.17.0 - 01-11-2023 *\/\n.elementor-widget-text-editor.elementor-drop-cap-view-stacked .elementor-drop-cap{background-color:#69727d;color:#fff}.elementor-widget-text-editor.elementor-drop-cap-view-framed .elementor-drop-cap{color:#69727d;border:3px solid;background-color:transparent}.elementor-widget-text-editor:not(.elementor-drop-cap-view-default) .elementor-drop-cap{margin-top:8px}.elementor-widget-text-editor:not(.elementor-drop-cap-view-default) .elementor-drop-cap-letter{width:1em;height:1em}.elementor-widget-text-editor .elementor-drop-cap{float:left;text-align:center;line-height:1;font-size:50px}.elementor-widget-text-editor .elementor-drop-cap-letter{display:inline-block}<\/style>\t\t\t\t<h2 data-start=\"187\" data-end=\"205\">\u00c9diteur du site<\/h2>\n<p data-start=\"207\" data-end=\"676\"><strong data-start=\"207\" data-end=\"238\">CABINET DENTAIRE DE VOURLES<\/strong><br data-start=\"238\" data-end=\"241\" \/>Soci\u00e9t\u00e9 d\u2019Exercice Lib\u00e9ral \u00e0 Responsabilit\u00e9 Limit\u00e9e (SELARL)<br data-start=\"301\" data-end=\"304\" \/><strong data-start=\"304\" data-end=\"320\">Si\u00e8ge social<\/strong> : 33B Chemin de la Plaine, 69390 Vourles, France<br data-start=\"369\" data-end=\"372\" \/><strong data-start=\"372\" data-end=\"391\">Immatriculation<\/strong> : RCS Lyon n\u00b0\u202f883 742 595<br data-start=\"417\" data-end=\"420\" \/><strong data-start=\"420\" data-end=\"446\">TVA intracommunautaire<\/strong> : FR32 883742595<br data-start=\"463\" data-end=\"466\" \/><strong data-start=\"466\" data-end=\"484\">Capital social<\/strong> : 1\u202f000 \u20ac<br data-start=\"494\" data-end=\"497\" \/><strong data-start=\"497\" data-end=\"515\">Code APE \/ NAF<\/strong> : 86.23Z \u2013 Pratique dentaire<br data-start=\"544\" data-end=\"547\" \/><strong data-start=\"547\" data-end=\"580\">Responsable de la publication<\/strong> : Dr Sarah Bouregaa\u2011Na\u00efr<br data-start=\"605\" data-end=\"608\" \/><strong data-start=\"608\" data-end=\"619\">Contact<\/strong> : <a class=\"decorated-link cursor-pointer\" rel=\"noopener\" data-start=\"622\" data-end=\"657\">contact@cabinetdentairedevourles.fr<\/a> \/ 04 78 92 11 52<\/p>\n<p data-start=\"207\" data-end=\"676\">\u00a0<\/p>\n<h2 data-start=\"683\" data-end=\"715\">Cr\u00e9ation &amp; conception du site<\/h2>\n<p data-start=\"717\" data-end=\"809\"><strong data-start=\"717\" data-end=\"760\">Simpleton \u2013 Studio de design &amp; branding<\/strong><br data-start=\"760\" data-end=\"763\" \/><a class=\"decorated-link\" href=\"https:\/\/simpleton.fr\" target=\"_new\" rel=\"noopener\" data-start=\"763\" data-end=\"783\">https:\/\/simpleton.fr<\/a><br data-start=\"783\" data-end=\"786\" \/><a class=\"decorated-link\" href=\"https:\/\/redaouzineb.com\" target=\"_new\" rel=\"noopener\" data-start=\"786\" data-end=\"809\">https:\/\/redaouzineb.com<\/a><\/p>\n<h2 data-start=\"816\" data-end=\"836\">\u00a0<\/h2>\n<h2 data-start=\"816\" data-end=\"836\">H\u00e9bergeur du site<\/h2>\n<p data-start=\"838\" data-end=\"938\"><strong data-start=\"838\" data-end=\"849\">OVH SAS<\/strong><br data-start=\"849\" data-end=\"852\" \/>2 rue Kellermann, 59100 Roubaix, France<br data-start=\"891\" data-end=\"894\" \/>T\u00e9l : 1007<br data-start=\"904\" data-end=\"907\" \/>Site : <a class=\"decorated-link cursor-pointer\" target=\"_new\" rel=\"noopener\" data-start=\"914\" data-end=\"938\">https:\/\/www.ovhcloud.com<\/a><\/p>\n<h2 data-start=\"945\" data-end=\"972\">\u00a0<\/h2>\n<h2 data-start=\"945\" data-end=\"972\">Propri\u00e9t\u00e9 intellectuelle<\/h2>\n<p data-start=\"974\" data-end=\"1364\">L\u2019ensemble du site, sa structure, ses textes, images, vid\u00e9os, logos, \u00e9l\u00e9ments graphiques et sonores sont la propri\u00e9t\u00e9 exclusive du Cabinet Dentaire de Vourles et de ses partenaires (notamment Simpleton), sauf mention contraire.<br data-start=\"1201\" data-end=\"1204\" \/>Toute reproduction, repr\u00e9sentation, modification, publication ou adaptation, totale ou partielle, sans autorisation \u00e9crite pr\u00e9alable, est strictement interdite.<\/p>\n<h2 data-start=\"1371\" data-end=\"1401\">\u00a0<\/h2>\n<h2 data-start=\"1371\" data-end=\"1401\">Donn\u00e9es personnelles &amp; RGPD<\/h2>\n<p data-start=\"1403\" data-end=\"1690\">Les donn\u00e9es collect\u00e9es via le formulaire de contact sont exclusivement destin\u00e9es au traitement des demandes re\u00e7ues par le cabinet.<br data-start=\"1533\" data-end=\"1536\" \/>Conform\u00e9ment au <strong data-start=\"1552\" data-end=\"1610\">R\u00e8glement G\u00e9n\u00e9ral sur la Protection des Donn\u00e9es (RGPD)<\/strong> et \u00e0 la <strong data-start=\"1619\" data-end=\"1651\">loi Informatique et Libert\u00e9s<\/strong>, vous disposez des droits suivants :<\/p>\n<ul data-start=\"1691\" data-end=\"1821\">\n<li data-start=\"1691\" data-end=\"1708\">\n<p data-start=\"1693\" data-end=\"1708\">droit d\u2019acc\u00e8s<\/p>\n<\/li>\n<li data-start=\"1709\" data-end=\"1735\">\n<p data-start=\"1711\" data-end=\"1735\">droit de rectification<\/p>\n<\/li>\n<li data-start=\"1736\" data-end=\"1760\">\n<p data-start=\"1738\" data-end=\"1760\">droit de suppression<\/p>\n<\/li>\n<li data-start=\"1761\" data-end=\"1783\">\n<p data-start=\"1763\" data-end=\"1783\">droit d\u2019opposition<\/p>\n<\/li>\n<li data-start=\"1784\" data-end=\"1821\">\n<p data-start=\"1786\" data-end=\"1821\">droit \u00e0 la limitation du traitement<\/p>\n<\/li>\n<\/ul>\n<p data-start=\"1823\" data-end=\"2070\">Ces droits peuvent \u00eatre exerc\u00e9s par email \u00e0 : <strong data-start=\"1869\" data-end=\"1908\"><a class=\"decorated-link cursor-pointer\" rel=\"noopener\" data-start=\"1871\" data-end=\"1906\">contact@cabinetdentairedevourles.fr<\/a><\/strong><br data-start=\"1908\" data-end=\"1911\" \/>Les donn\u00e9es sont conserv\u00e9es pendant une dur\u00e9e maximale de 12 mois \u00e0 compter de la derni\u00e8re prise de contact.<br data-start=\"2019\" data-end=\"2022\" \/>Aucune donn\u00e9e n\u2019est c\u00e9d\u00e9e ou vendue \u00e0 des tiers.<\/p>\n<h2 data-start=\"2077\" data-end=\"2109\">\u00a0<\/h2>\n<h2 data-start=\"2077\" data-end=\"2109\">Honoraires &amp; conventionnement<\/h2>\n<p data-start=\"2111\" data-end=\"2413\">Le cabinet est <strong data-start=\"2126\" data-end=\"2166\">conventionn\u00e9 par l\u2019Assurance Maladie<\/strong>.<br data-start=\"2167\" data-end=\"2170\" \/>Les honoraires pratiqu\u00e9s sont conformes aux tarifs de la S\u00e9curit\u00e9 sociale, sauf cas particuliers.<br data-start=\"2267\" data-end=\"2270\" \/>En cas de d\u00e9passement d\u2019honoraires, ceux-ci sont fix\u00e9s avec tact et mesure, conform\u00e9ment aux r\u00e8gles d\u00e9ontologiques applicables \u00e0 la profession.<\/p>\n<h2 data-start=\"2420\" data-end=\"2441\">\u00a0<\/h2>\n<h2 data-start=\"2420\" data-end=\"2441\">Cookies &amp; traceurs<\/h2>\n<p data-start=\"2443\" data-end=\"2791\">Ce site utilise des cookies strictement n\u00e9cessaires \u00e0 son bon fonctionnement.<br data-start=\"2520\" data-end=\"2523\" \/>Des cookies de mesure d\u2019audience (type Google Analytics) peuvent \u00eatre utilis\u00e9s, uniquement avec votre consentement explicite.<br data-start=\"2648\" data-end=\"2651\" \/>Un bandeau d\u2019acceptation des cookies est propos\u00e9 \u00e0 l\u2019arriv\u00e9e sur le site. Vous pouvez \u00e0 tout moment modifier vos pr\u00e9f\u00e9rences via ce bandeau.<\/p>\n<h2 data-start=\"2798\" data-end=\"2826\">\u00a0<\/h2>\n<h2 data-start=\"2798\" data-end=\"2826\">S\u00e9curit\u00e9 &amp; responsabilit\u00e9<\/h2>\n<p data-start=\"2828\" data-end=\"3235\">Le Cabinet Dentaire de Vourles met en \u0153uvre toutes les mesures n\u00e9cessaires pour assurer la s\u00e9curit\u00e9 et la confidentialit\u00e9 des donn\u00e9es collect\u00e9es.<br data-start=\"2973\" data-end=\"2976\" \/>Cependant, l\u2019utilisateur reconna\u00eet \u00eatre inform\u00e9 que le r\u00e9seau Internet ne garantit pas une s\u00e9curit\u00e9 absolue.<br data-start=\"3084\" data-end=\"3087\" \/>En cas de violation de donn\u00e9es personnelles, une notification sera effectu\u00e9e aupr\u00e8s de la <strong data-start=\"3177\" data-end=\"3185\">CNIL<\/strong> et des personnes concern\u00e9es conform\u00e9ment au RGPD.<\/p>\n<p><!-- \/wp:paragraph --><\/p>\t\t\t\t\t\t<\/div>\n\t\t\t\t<\/div>\n\t\t\t\t\t<\/div>\n\t\t\t\t<\/div>\n\t\t\t\t\t\t\t<\/div>\n\t\t","protected":false},"excerpt":{"rendered":"<p>\u00c9diteur du site CABINET DENTAIRE DE VOURLESSoci\u00e9t\u00e9 d\u2019Exercice Lib\u00e9ral \u00e0 Responsabilit\u00e9 Limit\u00e9e (SELARL)Si\u00e8ge social : 33B Chemin de la Plaine, 69390 Vourles, FranceImmatriculation : RCS Lyon n\u00b0\u202f883 742 595TVA intracommunautaire : FR32 883742595Capital social : 1\u202f000 \u20acCode APE \/ NAF : 86.23Z \u2013 Pratique dentaireResponsable de la publication : Dr Sarah Bouregaa\u2011Na\u00efrContact : contact@cabinetdentairedevourles.fr \/ [&hellip;]<\/p>\n","protected":false},"author":1,"featured_media":0,"parent":0,"menu_order":0,"comment_status":"closed","ping_status":"open","template":"","meta":{"footnotes":""},"class_list":["post-3","page","type-page","status-publish","hentry"],"yoast_head":"<!-- This site is optimized with the Yoast SEO plugin v23.0 - https:\/\/yoast.com\/wordpress\/plugins\/seo\/ -->\n<title>Politique de confidentialit\u00e9 - Cabinet Dentaire de Vourles<\/title>\n<meta name=\"robots\" content=\"index, follow, max-snippet:-1, max-image-preview:large, max-video-preview:-1\" \/>\n<link rel=\"canonical\" href=\"https:\/\/cabinetdentairedevourles.fr\/index.php\/politique-de-confidentialite\/\" \/>\n<meta property=\"og:locale\" content=\"fr_FR\" \/>\n<meta property=\"og:type\" content=\"article\" \/>\n<meta property=\"og:title\" content=\"Politique de confidentialit\u00e9 - Cabinet Dentaire de Vourles\" \/>\n<meta property=\"og:description\" content=\"\u00c9diteur du site CABINET DENTAIRE DE VOURLESSoci\u00e9t\u00e9 d\u2019Exercice Lib\u00e9ral \u00e0 Responsabilit\u00e9 Limit\u00e9e (SELARL)Si\u00e8ge social : 33B Chemin de la Plaine, 69390 Vourles, FranceImmatriculation : RCS Lyon n\u00b0\u202f883 742 595TVA intracommunautaire : FR32 883742595Capital social : 1\u202f000 \u20acCode APE \/ NAF : 86.23Z \u2013 Pratique dentaireResponsable de la publication : Dr Sarah Bouregaa\u2011Na\u00efrContact : contact@cabinetdentairedevourles.fr \/ [&hellip;]\" \/>\n<meta property=\"og:url\" content=\"https:\/\/cabinetdentairedevourles.fr\/index.php\/politique-de-confidentialite\/\" \/>\n<meta property=\"og:site_name\" content=\"Cabinet Dentaire de Vourles\" \/>\n<meta property=\"article:modified_time\" content=\"2025-09-09T09:57:42+00:00\" \/>\n<meta name=\"twitter:card\" content=\"summary_large_image\" \/>\n<meta name=\"twitter:label1\" content=\"Dur\u00e9e de lecture estim\u00e9e\" \/>\n\t<meta name=\"twitter:data1\" content=\"3 minutes\" \/>\n<script type=\"application\/ld+json\" class=\"yoast-schema-graph\">{\"@context\":\"https:\/\/schema.org\",\"@graph\":[{\"@type\":\"WebPage\",\"@id\":\"https:\/\/cabinetdentairedevourles.fr\/index.php\/politique-de-confidentialite\/\",\"url\":\"https:\/\/cabinetdentairedevourles.fr\/index.php\/politique-de-confidentialite\/\",\"name\":\"Politique de confidentialit\u00e9 - Cabinet Dentaire de Vourles\",\"isPartOf\":{\"@id\":\"https:\/\/cabinetdentairedevourles.fr\/#website\"},\"datePublished\":\"2023-10-23T09:06:29+00:00\",\"dateModified\":\"2025-09-09T09:57:42+00:00\",\"breadcrumb\":{\"@id\":\"https:\/\/cabinetdentairedevourles.fr\/index.php\/politique-de-confidentialite\/#breadcrumb\"},\"inLanguage\":\"fr-FR\",\"potentialAction\":[{\"@type\":\"ReadAction\",\"target\":[\"https:\/\/cabinetdentairedevourles.fr\/index.php\/politique-de-confidentialite\/\"]}]},{\"@type\":\"BreadcrumbList\",\"@id\":\"https:\/\/cabinetdentairedevourles.fr\/index.php\/politique-de-confidentialite\/#breadcrumb\",\"itemListElement\":[{\"@type\":\"ListItem\",\"position\":1,\"name\":\"Accueil\",\"item\":\"https:\/\/cabinetdentairedevourles.fr\/\"},{\"@type\":\"ListItem\",\"position\":2,\"name\":\"Politique de confidentialit\u00e9\"}]},{\"@type\":\"WebSite\",\"@id\":\"https:\/\/cabinetdentairedevourles.fr\/#website\",\"url\":\"https:\/\/cabinetdentairedevourles.fr\/\",\"name\":\"Cabinet Dentaire de Vourles\",\"description\":\"Un site utilisant WordPress\",\"publisher\":{\"@id\":\"https:\/\/cabinetdentairedevourles.fr\/#organization\"},\"potentialAction\":[{\"@type\":\"SearchAction\",\"target\":{\"@type\":\"EntryPoint\",\"urlTemplate\":\"https:\/\/cabinetdentairedevourles.fr\/?s={search_term_string}\"},\"query-input\":\"required name=search_term_string\"}],\"inLanguage\":\"fr-FR\"},{\"@type\":\"Organization\",\"@id\":\"https:\/\/cabinetdentairedevourles.fr\/#organization\",\"name\":\"Cabinet Dentaire de Vourles\",\"url\":\"https:\/\/cabinetdentairedevourles.fr\/\",\"logo\":{\"@type\":\"ImageObject\",\"inLanguage\":\"fr-FR\",\"@id\":\"https:\/\/cabinetdentairedevourles.fr\/#\/schema\/logo\/image\/\",\"url\":\"https:\/\/cabinetdentairedevourles.fr\/wp-content\/uploads\/2023\/10\/bleu-e1698052393149.png\",\"contentUrl\":\"https:\/\/cabinetdentairedevourles.fr\/wp-content\/uploads\/2023\/10\/bleu-e1698052393149.png\",\"width\":850,\"height\":1103,\"caption\":\"Cabinet Dentaire de Vourles\"},\"image\":{\"@id\":\"https:\/\/cabinetdentairedevourles.fr\/#\/schema\/logo\/image\/\"}}]}<\/script>\n<!-- \/ Yoast SEO plugin. -->","yoast_head_json":{"title":"Politique de confidentialit\u00e9 - Cabinet Dentaire de Vourles","robots":{"index":"index","follow":"follow","max-snippet":"max-snippet:-1","max-image-preview":"max-image-preview:large","max-video-preview":"max-video-preview:-1"},"canonical":"https:\/\/cabinetdentairedevourles.fr\/index.php\/politique-de-confidentialite\/","og_locale":"fr_FR","og_type":"article","og_title":"Politique de confidentialit\u00e9 - Cabinet Dentaire de Vourles","og_description":"\u00c9diteur du site CABINET DENTAIRE DE VOURLESSoci\u00e9t\u00e9 d\u2019Exercice Lib\u00e9ral \u00e0 Responsabilit\u00e9 Limit\u00e9e (SELARL)Si\u00e8ge social : 33B Chemin de la Plaine, 69390 Vourles, FranceImmatriculation : RCS Lyon n\u00b0\u202f883 742 595TVA intracommunautaire : FR32 883742595Capital social : 1\u202f000 \u20acCode APE \/ NAF : 86.23Z \u2013 Pratique dentaireResponsable de la publication : Dr Sarah Bouregaa\u2011Na\u00efrContact : contact@cabinetdentairedevourles.fr \/ [&hellip;]","og_url":"https:\/\/cabinetdentairedevourles.fr\/index.php\/politique-de-confidentialite\/","og_site_name":"Cabinet Dentaire de Vourles","article_modified_time":"2025-09-09T09:57:42+00:00","twitter_card":"summary_large_image","twitter_misc":{"Dur\u00e9e de lecture estim\u00e9e":"3 minutes"},"schema":{"@context":"https:\/\/schema.org","@graph":[{"@type":"WebPage","@id":"https:\/\/cabinetdentairedevourles.fr\/index.php\/politique-de-confidentialite\/","url":"https:\/\/cabinetdentairedevourles.fr\/index.php\/politique-de-confidentialite\/","name":"Politique de confidentialit\u00e9 - Cabinet Dentaire de Vourles","isPartOf":{"@id":"https:\/\/cabinetdentairedevourles.fr\/#website"},"datePublished":"2023-10-23T09:06:29+00:00","dateModified":"2025-09-09T09:57:42+00:00","breadcrumb":{"@id":"https:\/\/cabinetdentairedevourles.fr\/index.php\/politique-de-confidentialite\/#breadcrumb"},"inLanguage":"fr-FR","potentialAction":[{"@type":"ReadAction","target":["https:\/\/cabinetdentairedevourles.fr\/index.php\/politique-de-confidentialite\/"]}]},{"@type":"BreadcrumbList","@id":"https:\/\/cabinetdentairedevourles.fr\/index.php\/politique-de-confidentialite\/#breadcrumb","itemListElement":[{"@type":"ListItem","position":1,"name":"Accueil","item":"https:\/\/cabinetdentairedevourles.fr\/"},{"@type":"ListItem","position":2,"name":"Politique de confidentialit\u00e9"}]},{"@type":"WebSite","@id":"https:\/\/cabinetdentairedevourles.fr\/#website","url":"https:\/\/cabinetdentairedevourles.fr\/","name":"Cabinet Dentaire de Vourles","description":"Un site utilisant WordPress","publisher":{"@id":"https:\/\/cabinetdentairedevourles.fr\/#organization"},"potentialAction":[{"@type":"SearchAction","target":{"@type":"EntryPoint","urlTemplate":"https:\/\/cabinetdentairedevourles.fr\/?s={search_term_string}"},"query-input":"required name=search_term_string"}],"inLanguage":"fr-FR"},{"@type":"Organization","@id":"https:\/\/cabinetdentairedevourles.fr\/#organization","name":"Cabinet Dentaire de Vourles","url":"https:\/\/cabinetdentairedevourles.fr\/","logo":{"@type":"ImageObject","inLanguage":"fr-FR","@id":"https:\/\/cabinetdentairedevourles.fr\/#\/schema\/logo\/image\/","url":"https:\/\/cabinetdentairedevourles.fr\/wp-content\/uploads\/2023\/10\/bleu-e1698052393149.png","contentUrl":"https:\/\/cabinetdentairedevourles.fr\/wp-content\/uploads\/2023\/10\/bleu-e1698052393149.png","width":850,"height":1103,"caption":"Cabinet Dentaire de Vourles"},"image":{"@id":"https:\/\/cabinetdentairedevourles.fr\/#\/schema\/logo\/image\/"}}]}},"_links":{"self":[{"href":"https:\/\/cabinetdentairedevourles.fr\/index.php\/wp-json\/wp\/v2\/pages\/3","targetHints":{"allow":["GET"]}}],"collection":[{"href":"https:\/\/cabinetdentairedevourles.fr\/index.php\/wp-json\/wp\/v2\/pages"}],"about":[{"href":"https:\/\/cabinetdentairedevourles.fr\/index.php\/wp-json\/wp\/v2\/types\/page"}],"author":[{"embeddable":true,"href":"https:\/\/cabinetdentairedevourles.fr\/index.php\/wp-json\/wp\/v2\/users\/1"}],"replies":[{"embeddable":true,"href":"https:\/\/cabinetdentairedevourles.fr\/index.php\/wp-json\/wp\/v2\/comments?post=3"}],"version-history":[{"count":18,"href":"https:\/\/cabinetdentairedevourles.fr\/index.php\/wp-json\/wp\/v2\/pages\/3\/revisions"}],"predecessor-version":[{"id":239,"href":"https:\/\/cabinetdentairedevourles.fr\/index.php\/wp-json\/wp\/v2\/pages\/3\/revisions\/239"}],"wp:attachment":[{"href":"https:\/\/cabinetdentairedevourles.fr\/index.php\/wp-json\/wp\/v2\/media?parent=3"}],"curies":[{"name":"wp","href":"https:\/\/api.w.org\/{rel}","templated":true}]}}